{"id":586,"date":"2022-12-23T07:19:20","date_gmt":"2022-12-23T06:19:20","guid":{"rendered":"https:\/\/www.piustudi.eu\/home\/"},"modified":"2023-01-17T14:27:36","modified_gmt":"2023-01-17T13:27:36","slug":"home","status":"publish","type":"page","link":"https:\/\/www.piustudi.eu\/es\/","title":{"rendered":"Home"},"content":{"rendered":"\t\t<div data-elementor-type=\"wp-page\" data-elementor-id=\"586\" class=\"elementor elementor-586 elementor-15\" data-elementor-post-type=\"page\">\n\t\t\t\t\t\t<section class=\"elementor-section elementor-top-section elementor-element elementor-element-09657d7 elementor-section-height-min-height elementor-section-items-top elementor-section-content-top elementor-section-boxed elementor-section-height-default\" data-id=\"09657d7\" data-element_type=\"section\" data-e-type=\"section\" data-settings=\"{&quot;background_background&quot;:&quot;slideshow&quot;,&quot;background_slideshow_gallery&quot;:[{&quot;id&quot;:1641,&quot;url&quot;:&quot;https:\\\/\\\/www.piustudi.eu\\\/wp-content\\\/uploads\\\/2023\\\/01\\\/piustudi-home05-1.jpg&quot;},{&quot;id&quot;:1639,&quot;url&quot;:&quot;https:\\\/\\\/www.piustudi.eu\\\/wp-content\\\/uploads\\\/2023\\\/01\\\/piustudi-home04-1.jpg&quot;},{&quot;id&quot;:1637,&quot;url&quot;:&quot;https:\\\/\\\/www.piustudi.eu\\\/wp-content\\\/uploads\\\/2023\\\/01\\\/piustudi-home03-1.jpg&quot;},{&quot;id&quot;:1635,&quot;url&quot;:&quot;https:\\\/\\\/www.piustudi.eu\\\/wp-content\\\/uploads\\\/2023\\\/01\\\/piustudi-home02-1.jpg&quot;},{&quot;id&quot;:1633,&quot;url&quot;:&quot;https:\\\/\\\/www.piustudi.eu\\\/wp-content\\\/uploads\\\/2023\\\/01\\\/piustudi-home01-1.jpg&quot;}],&quot;background_slideshow_lazyload&quot;:&quot;yes&quot;,&quot;background_slideshow_loop&quot;:&quot;yes&quot;,&quot;background_slideshow_slide_duration&quot;:5000,&quot;background_slideshow_slide_transition&quot;:&quot;fade&quot;,&quot;background_slideshow_transition_duration&quot;:500}\">\n\t\t\t\t\t\t<div class=\"elementor-container elementor-column-gap-default\">\n\t\t\t\t\t<div class=\"elementor-column elementor-col-100 elementor-top-column elementor-element elementor-element-fe8133f\" data-id=\"fe8133f\" data-element_type=\"column\" data-e-type=\"column\">\n\t\t\t<div class=\"elementor-widget-wrap elementor-element-populated\">\n\t\t\t\t\t\t<section class=\"elementor-section elementor-inner-section elementor-element elementor-element-19dcc4f elementor-section-content-top elementor-section-boxed elementor-section-height-default elementor-section-height-default\" data-id=\"19dcc4f\" data-element_type=\"section\" data-e-type=\"section\">\n\t\t\t\t\t\t<div class=\"elementor-container elementor-column-gap-default\">\n\t\t\t\t\t<div class=\"elementor-column elementor-col-50 elementor-inner-column elementor-element elementor-element-3e26f19\" data-id=\"3e26f19\" data-element_type=\"column\" data-e-type=\"column\">\n\t\t\t<div class=\"elementor-widget-wrap elementor-element-populated\">\n\t\t\t\t\t\t<div class=\"elementor-element elementor-element-7544a0a elementor-widget-tablet__width-auto elementor-widget elementor-widget-image\" data-id=\"7544a0a\" data-element_type=\"widget\" data-e-type=\"widget\" data-widget_type=\"image.default\">\n\t\t\t\t<div class=\"elementor-widget-container\">\n\t\t\t\t\t\t\t\t\t\t\t\t\t\t\t\t<a href=\"https:\/\/www.piustudi.eu\/es\/\">\n\t\t\t\t\t\t\t<img decoding=\"async\" width=\"250\" height=\"65\" src=\"https:\/\/www.piustudi.eu\/wp-content\/uploads\/2022\/12\/logo-piustudi.png\" class=\"attachment-full size-full wp-image-483\" alt=\"\" \/>\t\t\t\t\t\t\t\t<\/a>\n\t\t\t\t\t\t\t\t\t\t\t\t\t\t\t<\/div>\n\t\t\t\t<\/div>\n\t\t\t\t\t<\/div>\n\t\t<\/div>\n\t\t\t\t<div class=\"elementor-column elementor-col-50 elementor-inner-column elementor-element elementor-element-f0829e8\" data-id=\"f0829e8\" data-element_type=\"column\" data-e-type=\"column\">\n\t\t\t<div class=\"elementor-widget-wrap elementor-element-populated\">\n\t\t\t\t\t\t<div class=\"elementor-element elementor-element-911561a elementor-widget elementor-widget-pp-advanced-menu\" data-id=\"911561a\" data-element_type=\"widget\" data-e-type=\"widget\" data-settings=\"{&quot;menu_type&quot;:&quot;off-canvas&quot;,&quot;layout&quot;:&quot;horizontal&quot;,&quot;show_submenu_on&quot;:&quot;hover&quot;,&quot;submenu_icon&quot;:{&quot;value&quot;:&quot;&lt;i class=\\&quot;fas fa-caret-down\\&quot;&gt;&lt;\\\/i&gt;&quot;,&quot;library&quot;:&quot;fa-solid&quot;},&quot;onepage_menu&quot;:&quot;no&quot;,&quot;toggle&quot;:&quot;icon&quot;,&quot;toggle_icon_type&quot;:&quot;hamburger&quot;,&quot;show_responsive_submenu_on&quot;:&quot;icon&quot;}\" data-widget_type=\"pp-advanced-menu.default\">\n\t\t\t\t<div class=\"elementor-widget-container\">\n\t\t\t\t\t\t\t\t\t<div class=\"pp-advanced-menu-main-wrapper pp-advanced-menu__align-right pp-advanced-menu--dropdown-tablet pp-advanced-menu--type-off-canvas pp-advanced-menu__text-align- pp-advanced-menu--toggle pp-advanced-menu--icon\">\n\t\t\t\t\t\t\t\t<nav id=\"pp-menu-911561a\" class=\"pp-advanced-menu--main pp-advanced-menu__container pp-advanced-menu--layout-horizontal pp--pointer-none\" aria-label=\"Main Menu ESP\" data-settings=\"{&quot;menu_id&quot;:&quot;911561a&quot;,&quot;breakpoint&quot;:&quot;tablet&quot;,&quot;full_width&quot;:false}\"><ul id=\"menu-main-menu-esp\" class=\"pp-advanced-menu\"><li class=\"menu-item menu-item-type-post_type menu-item-object-page menu-item-home menu-item-587\"><a href=\"https:\/\/www.piustudi.eu\/es\/\" class=\"pp-menu-item\">Home<\/a><\/li>\n<li class=\"menu-item menu-item-type-post_type menu-item-object-page menu-item-has-children menu-item-627\"><a href=\"https:\/\/www.piustudi.eu\/es\/proyectos\/\" class=\"pp-menu-item\">Proyectos<\/a>\n<ul class=\"sub-menu pp-advanced-menu--dropdown\">\n\t<li class=\"menu-item menu-item-type-taxonomy menu-item-object-categoria_progetto menu-item-592\"><a href=\"https:\/\/www.piustudi.eu\/es\/our-works\/residencial\/\" class=\"pp-sub-item\">Residencial<\/a><\/li>\n\t<li class=\"menu-item menu-item-type-taxonomy menu-item-object-categoria_progetto menu-item-589\"><a href=\"https:\/\/www.piustudi.eu\/es\/our-works\/interiorismo\/\" class=\"pp-sub-item\">Interiorismo +Dise\u00f1o<\/a><\/li>\n\t<li class=\"menu-item menu-item-type-taxonomy menu-item-object-categoria_progetto menu-item-591\"><a href=\"https:\/\/www.piustudi.eu\/es\/our-works\/equipamiento\/\" class=\"pp-sub-item\">Equipamiento<\/a><\/li>\n\t<li class=\"menu-item menu-item-type-taxonomy menu-item-object-categoria_progetto menu-item-590\"><a href=\"https:\/\/www.piustudi.eu\/es\/our-works\/urbanismo\/\" class=\"pp-sub-item\">Urbanismo<\/a><\/li>\n<\/ul>\n<\/li>\n<li class=\"menu-item menu-item-type-post_type menu-item-object-page menu-item-has-children menu-item-628\"><a href=\"https:\/\/www.piustudi.eu\/es\/quienes-somos\/\" class=\"pp-menu-item\">Quienes somos<\/a>\n<ul class=\"sub-menu pp-advanced-menu--dropdown\">\n\t<li class=\"menu-item menu-item-type-taxonomy menu-item-object-sede menu-item-629\"><a href=\"https:\/\/www.piustudi.eu\/es\/team\/team-italia-es\/\" class=\"pp-sub-item\">Team Italia<\/a><\/li>\n\t<li class=\"menu-item menu-item-type-taxonomy menu-item-object-sede menu-item-630\"><a href=\"https:\/\/www.piustudi.eu\/es\/team\/team-espana\/\" class=\"pp-sub-item\">Team Espana<\/a><\/li>\n<\/ul>\n<\/li>\n<li class=\"menu-item menu-item-type-post_type menu-item-object-page menu-item-660\"><a href=\"https:\/\/www.piustudi.eu\/es\/contacto\/\" class=\"pp-menu-item\">Contacto<\/a><\/li>\n<li class=\"menu-item menu-item-type-post_type menu-item-object-page menu-item-811\"><a href=\"https:\/\/www.piustudi.eu\/es\/publicaciones-y-menciones\/\" class=\"pp-menu-item\">Publicaciones y menciones<\/a><\/li>\n<li class=\"icona-menu menu-item menu-item-type-custom menu-item-object-custom menu-item-673\"><a href=\"https:\/\/www.facebook.com\/piustudi\/\" class=\"pp-menu-item\"><i class=\"_mi dashicons dashicons-facebook\" aria-hidden=\"true\"><\/i><span class=\"visuallyhidden\">Facebook<\/span><\/a><\/li>\n<li class=\"menu-item wpml-ls-slot-8 wpml-ls-item wpml-ls-item-it wpml-ls-menu-item wpml-ls-first-item wpml-ls-last-item menu-item-type-wpml_ls_menu_item menu-item-object-wpml_ls_menu_item menu-item-wpml-ls-8-it\"><a href=\"https:\/\/www.piustudi.eu\/\" title=\"Cambiar a Italiano\" aria-label=\"Cambiar a Italiano\" class=\"pp-menu-item\"><img decoding=\"async\" class=\"wpml-ls-flag\" src=\"https:\/\/www.piustudi.eu\/wp-content\/plugins\/sitepress-multilingual-cms\/res\/flags\/it.png\" alt=\"Italiano\" loading=\"lazy\" \/><\/a><\/li>\n<\/ul><\/nav>\n\t\t\t\t\t\t\t\t\t\t\t\t\t\t\t<div class=\"pp-menu-toggle pp-menu-toggle-on-tablet\">\n\t\t\t\t\t\t\t\t\t\t\t<div class=\"pp-hamburger\">\n\t\t\t\t\t\t\t<div class=\"pp-hamburger-box\">\n\t\t\t\t\t\t\t\t\t\t\t\t\t\t\t\t\t<div class=\"pp-hamburger-inner\"><\/div>\n\t\t\t\t\t\t\t\t\t\t\t\t\t\t\t<\/div>\n\t\t\t\t\t\t<\/div>\n\t\t\t\t\t\t\t\t\t\t\t\t\t\t<\/div>\n\t\t\t\t\t\t\t\t\t\t\t\t<nav class=\"pp-advanced-menu--dropdown pp-menu-style-toggle pp-advanced-menu__container pp-menu-911561a pp-menu-off-canvas pp-menu-off-canvas-left\" data-settings=\"{&quot;menu_id&quot;:&quot;911561a&quot;,&quot;breakpoint&quot;:&quot;tablet&quot;,&quot;full_width&quot;:false}\">\n\t\t\t\t\t\t\t\t\t<div class=\"pp-menu-close-wrap\">\n\t\t\t\t\t\t<div class=\"pp-menu-close\"><\/div>\n\t\t\t\t\t<\/div>\n\t\t\t\t\t\t\t\t\t\t\t\t<ul id=\"menu-main-menu-esp-1\" class=\"pp-advanced-menu\"><li class=\"menu-item menu-item-type-post_type menu-item-object-page menu-item-home menu-item-587\"><a href=\"https:\/\/www.piustudi.eu\/es\/\" class=\"pp-menu-item\">Home<\/a><\/li>\n<li class=\"menu-item menu-item-type-post_type menu-item-object-page menu-item-has-children menu-item-627\"><a href=\"https:\/\/www.piustudi.eu\/es\/proyectos\/\" class=\"pp-menu-item\">Proyectos<\/a>\n<ul class=\"sub-menu pp-advanced-menu--dropdown\">\n\t<li class=\"menu-item menu-item-type-taxonomy menu-item-object-categoria_progetto menu-item-592\"><a href=\"https:\/\/www.piustudi.eu\/es\/our-works\/residencial\/\" class=\"pp-sub-item\">Residencial<\/a><\/li>\n\t<li class=\"menu-item menu-item-type-taxonomy menu-item-object-categoria_progetto menu-item-589\"><a href=\"https:\/\/www.piustudi.eu\/es\/our-works\/interiorismo\/\" class=\"pp-sub-item\">Interiorismo +Dise\u00f1o<\/a><\/li>\n\t<li class=\"menu-item menu-item-type-taxonomy menu-item-object-categoria_progetto menu-item-591\"><a href=\"https:\/\/www.piustudi.eu\/es\/our-works\/equipamiento\/\" class=\"pp-sub-item\">Equipamiento<\/a><\/li>\n\t<li class=\"menu-item menu-item-type-taxonomy menu-item-object-categoria_progetto menu-item-590\"><a href=\"https:\/\/www.piustudi.eu\/es\/our-works\/urbanismo\/\" class=\"pp-sub-item\">Urbanismo<\/a><\/li>\n<\/ul>\n<\/li>\n<li class=\"menu-item menu-item-type-post_type menu-item-object-page menu-item-has-children menu-item-628\"><a href=\"https:\/\/www.piustudi.eu\/es\/quienes-somos\/\" class=\"pp-menu-item\">Quienes somos<\/a>\n<ul class=\"sub-menu pp-advanced-menu--dropdown\">\n\t<li class=\"menu-item menu-item-type-taxonomy menu-item-object-sede menu-item-629\"><a href=\"https:\/\/www.piustudi.eu\/es\/team\/team-italia-es\/\" class=\"pp-sub-item\">Team Italia<\/a><\/li>\n\t<li class=\"menu-item menu-item-type-taxonomy menu-item-object-sede menu-item-630\"><a href=\"https:\/\/www.piustudi.eu\/es\/team\/team-espana\/\" class=\"pp-sub-item\">Team Espana<\/a><\/li>\n<\/ul>\n<\/li>\n<li class=\"menu-item menu-item-type-post_type menu-item-object-page menu-item-660\"><a href=\"https:\/\/www.piustudi.eu\/es\/contacto\/\" class=\"pp-menu-item\">Contacto<\/a><\/li>\n<li class=\"menu-item menu-item-type-post_type menu-item-object-page menu-item-811\"><a href=\"https:\/\/www.piustudi.eu\/es\/publicaciones-y-menciones\/\" class=\"pp-menu-item\">Publicaciones y menciones<\/a><\/li>\n<li class=\"icona-menu menu-item menu-item-type-custom menu-item-object-custom menu-item-673\"><a href=\"https:\/\/www.facebook.com\/piustudi\/\" class=\"pp-menu-item\"><i class=\"_mi dashicons dashicons-facebook\" aria-hidden=\"true\"><\/i><span class=\"visuallyhidden\">Facebook<\/span><\/a><\/li>\n<li class=\"menu-item wpml-ls-slot-8 wpml-ls-item wpml-ls-item-it wpml-ls-menu-item wpml-ls-first-item wpml-ls-last-item menu-item-type-wpml_ls_menu_item menu-item-object-wpml_ls_menu_item menu-item-wpml-ls-8-it\"><a href=\"https:\/\/www.piustudi.eu\/\" title=\"Cambiar a Italiano\" aria-label=\"Cambiar a Italiano\" class=\"pp-menu-item\"><img decoding=\"async\" class=\"wpml-ls-flag\" src=\"https:\/\/www.piustudi.eu\/wp-content\/plugins\/sitepress-multilingual-cms\/res\/flags\/it.png\" alt=\"Italiano\" loading=\"lazy\" \/><\/a><\/li>\n<\/ul>\t\t\t\t\t\t\t<\/nav>\n\t\t\t\t\t\t\t<\/div>\n\t\t\t\t\t\t\t\t<\/div>\n\t\t\t\t<\/div>\n\t\t\t\t\t<\/div>\n\t\t<\/div>\n\t\t\t\t\t<\/div>\n\t\t<\/section>\n\t\t\t\t\t<\/div>\n\t\t<\/div>\n\t\t\t\t\t<\/div>\n\t\t<\/section>\n\t\t\t\t<\/div>\n\t\t","protected":false},"excerpt":{"rendered":"","protected":false},"author":1,"featured_media":0,"parent":0,"menu_order":0,"comment_status":"closed","ping_status":"closed","template":"elementor_canvas","meta":{"_acf_changed":false,"footnotes":""},"class_list":["post-586","page","type-page","status-publish","hentry"],"acf":[],"yoast_head":"<!-- This site is optimized with the Yoast SEO plugin v27.3 - https:\/\/yoast.com\/product\/yoast-seo-wordpress\/ -->\n<title>+studi | arquitectura design project management innovaci\u00f3n<\/title>\n<meta name=\"description\" content=\"Estudio de arquitectura y dise\u00f1o de interiores con sede en Vicenza y en M\u00e1laga.\" \/>\n<meta name=\"robots\" content=\"index, follow, max-snippet:-1, max-image-preview:large, max-video-preview:-1\" \/>\n<link rel=\"canonical\" href=\"https:\/\/www.piustudi.eu\/es\/\" \/>\n<meta property=\"og:locale\" content=\"es_ES\" \/>\n<meta property=\"og:type\" content=\"article\" \/>\n<meta property=\"og:title\" content=\"+studi | arquitectura design project management innovaci\u00f3n\" \/>\n<meta property=\"og:description\" content=\"Estudio de arquitectura y dise\u00f1o de interiores con sede en Vicenza y en M\u00e1laga.\" \/>\n<meta property=\"og:url\" content=\"https:\/\/www.piustudi.eu\/es\/\" \/>\n<meta property=\"og:site_name\" content=\"+studi\" \/>\n<meta property=\"article:modified_time\" content=\"2023-01-17T13:27:36+00:00\" \/>\n<meta property=\"og:image\" content=\"https:\/\/www.piustudi.eu\/wp-content\/uploads\/2022\/12\/logo-piustudi.png\" \/>\n<meta name=\"twitter:card\" content=\"summary_large_image\" \/>\n<meta name=\"twitter:label1\" content=\"Tiempo de lectura\" \/>\n\t<meta name=\"twitter:data1\" content=\"1 minuto\" \/>\n<script type=\"application\/ld+json\" class=\"yoast-schema-graph\">{\"@context\":\"https:\\\/\\\/schema.org\",\"@graph\":[{\"@type\":\"WebPage\",\"@id\":\"https:\\\/\\\/www.piustudi.eu\\\/es\\\/\",\"url\":\"https:\\\/\\\/www.piustudi.eu\\\/es\\\/\",\"name\":\"+studi | arquitectura design project management innovaci\u00f3n\",\"isPartOf\":{\"@id\":\"https:\\\/\\\/www.piustudi.eu\\\/es\\\/#website\"},\"primaryImageOfPage\":{\"@id\":\"https:\\\/\\\/www.piustudi.eu\\\/es\\\/#primaryimage\"},\"image\":{\"@id\":\"https:\\\/\\\/www.piustudi.eu\\\/es\\\/#primaryimage\"},\"thumbnailUrl\":\"https:\\\/\\\/www.piustudi.eu\\\/wp-content\\\/uploads\\\/2022\\\/12\\\/logo-piustudi.png\",\"datePublished\":\"2022-12-23T06:19:20+00:00\",\"dateModified\":\"2023-01-17T13:27:36+00:00\",\"description\":\"Estudio de arquitectura y dise\u00f1o de interiores con sede en Vicenza y en M\u00e1laga.\",\"breadcrumb\":{\"@id\":\"https:\\\/\\\/www.piustudi.eu\\\/es\\\/#breadcrumb\"},\"inLanguage\":\"es\",\"potentialAction\":[{\"@type\":\"ReadAction\",\"target\":[\"https:\\\/\\\/www.piustudi.eu\\\/es\\\/\"]}]},{\"@type\":\"ImageObject\",\"inLanguage\":\"es\",\"@id\":\"https:\\\/\\\/www.piustudi.eu\\\/es\\\/#primaryimage\",\"url\":\"https:\\\/\\\/www.piustudi.eu\\\/wp-content\\\/uploads\\\/2022\\\/12\\\/logo-piustudi.png\",\"contentUrl\":\"https:\\\/\\\/www.piustudi.eu\\\/wp-content\\\/uploads\\\/2022\\\/12\\\/logo-piustudi.png\"},{\"@type\":\"BreadcrumbList\",\"@id\":\"https:\\\/\\\/www.piustudi.eu\\\/es\\\/#breadcrumb\",\"itemListElement\":[{\"@type\":\"ListItem\",\"position\":1,\"name\":\"Home\",\"item\":\"https:\\\/\\\/www.piustudi.eu\\\/es\\\/\"},{\"@type\":\"ListItem\",\"position\":2,\"name\":\"Home\"}]},{\"@type\":\"WebSite\",\"@id\":\"https:\\\/\\\/www.piustudi.eu\\\/es\\\/#website\",\"url\":\"https:\\\/\\\/www.piustudi.eu\\\/es\\\/\",\"name\":\"+studi\",\"description\":\"architettura, design, project management, innovazione\",\"publisher\":{\"@id\":\"https:\\\/\\\/www.piustudi.eu\\\/es\\\/#organization\"},\"potentialAction\":[{\"@type\":\"SearchAction\",\"target\":{\"@type\":\"EntryPoint\",\"urlTemplate\":\"https:\\\/\\\/www.piustudi.eu\\\/es\\\/?s={search_term_string}\"},\"query-input\":{\"@type\":\"PropertyValueSpecification\",\"valueRequired\":true,\"valueName\":\"search_term_string\"}}],\"inLanguage\":\"es\"},{\"@type\":\"Organization\",\"@id\":\"https:\\\/\\\/www.piustudi.eu\\\/es\\\/#organization\",\"name\":\"+studi\",\"url\":\"https:\\\/\\\/www.piustudi.eu\\\/es\\\/\",\"logo\":{\"@type\":\"ImageObject\",\"inLanguage\":\"es\",\"@id\":\"https:\\\/\\\/www.piustudi.eu\\\/es\\\/#\\\/schema\\\/logo\\\/image\\\/\",\"url\":\"https:\\\/\\\/www.piustudi.eu\\\/wp-content\\\/uploads\\\/2022\\\/12\\\/logo-piustudi-white-bg.png\",\"contentUrl\":\"https:\\\/\\\/www.piustudi.eu\\\/wp-content\\\/uploads\\\/2022\\\/12\\\/logo-piustudi-white-bg.png\",\"width\":250,\"height\":65,\"caption\":\"+studi\"},\"image\":{\"@id\":\"https:\\\/\\\/www.piustudi.eu\\\/es\\\/#\\\/schema\\\/logo\\\/image\\\/\"}}]}<\/script>\n<!-- \/ Yoast SEO plugin. -->","yoast_head_json":{"title":"+studi | arquitectura design project management innovaci\u00f3n","description":"Estudio de arquitectura y dise\u00f1o de interiores con sede en Vicenza y en M\u00e1laga.","robots":{"index":"index","follow":"follow","max-snippet":"max-snippet:-1","max-image-preview":"max-image-preview:large","max-video-preview":"max-video-preview:-1"},"canonical":"https:\/\/www.piustudi.eu\/es\/","og_locale":"es_ES","og_type":"article","og_title":"+studi | arquitectura design project management innovaci\u00f3n","og_description":"Estudio de arquitectura y dise\u00f1o de interiores con sede en Vicenza y en M\u00e1laga.","og_url":"https:\/\/www.piustudi.eu\/es\/","og_site_name":"+studi","article_modified_time":"2023-01-17T13:27:36+00:00","og_image":[{"url":"https:\/\/www.piustudi.eu\/wp-content\/uploads\/2022\/12\/logo-piustudi.png","type":"","width":"","height":""}],"twitter_card":"summary_large_image","twitter_misc":{"Tiempo de lectura":"1 minuto"},"schema":{"@context":"https:\/\/schema.org","@graph":[{"@type":"WebPage","@id":"https:\/\/www.piustudi.eu\/es\/","url":"https:\/\/www.piustudi.eu\/es\/","name":"+studi | arquitectura design project management innovaci\u00f3n","isPartOf":{"@id":"https:\/\/www.piustudi.eu\/es\/#website"},"primaryImageOfPage":{"@id":"https:\/\/www.piustudi.eu\/es\/#primaryimage"},"image":{"@id":"https:\/\/www.piustudi.eu\/es\/#primaryimage"},"thumbnailUrl":"https:\/\/www.piustudi.eu\/wp-content\/uploads\/2022\/12\/logo-piustudi.png","datePublished":"2022-12-23T06:19:20+00:00","dateModified":"2023-01-17T13:27:36+00:00","description":"Estudio de arquitectura y dise\u00f1o de interiores con sede en Vicenza y en M\u00e1laga.","breadcrumb":{"@id":"https:\/\/www.piustudi.eu\/es\/#breadcrumb"},"inLanguage":"es","potentialAction":[{"@type":"ReadAction","target":["https:\/\/www.piustudi.eu\/es\/"]}]},{"@type":"ImageObject","inLanguage":"es","@id":"https:\/\/www.piustudi.eu\/es\/#primaryimage","url":"https:\/\/www.piustudi.eu\/wp-content\/uploads\/2022\/12\/logo-piustudi.png","contentUrl":"https:\/\/www.piustudi.eu\/wp-content\/uploads\/2022\/12\/logo-piustudi.png"},{"@type":"BreadcrumbList","@id":"https:\/\/www.piustudi.eu\/es\/#breadcrumb","itemListElement":[{"@type":"ListItem","position":1,"name":"Home","item":"https:\/\/www.piustudi.eu\/es\/"},{"@type":"ListItem","position":2,"name":"Home"}]},{"@type":"WebSite","@id":"https:\/\/www.piustudi.eu\/es\/#website","url":"https:\/\/www.piustudi.eu\/es\/","name":"+studi","description":"architettura, design, project management, innovazione","publisher":{"@id":"https:\/\/www.piustudi.eu\/es\/#organization"},"potentialAction":[{"@type":"SearchAction","target":{"@type":"EntryPoint","urlTemplate":"https:\/\/www.piustudi.eu\/es\/?s={search_term_string}"},"query-input":{"@type":"PropertyValueSpecification","valueRequired":true,"valueName":"search_term_string"}}],"inLanguage":"es"},{"@type":"Organization","@id":"https:\/\/www.piustudi.eu\/es\/#organization","name":"+studi","url":"https:\/\/www.piustudi.eu\/es\/","logo":{"@type":"ImageObject","inLanguage":"es","@id":"https:\/\/www.piustudi.eu\/es\/#\/schema\/logo\/image\/","url":"https:\/\/www.piustudi.eu\/wp-content\/uploads\/2022\/12\/logo-piustudi-white-bg.png","contentUrl":"https:\/\/www.piustudi.eu\/wp-content\/uploads\/2022\/12\/logo-piustudi-white-bg.png","width":250,"height":65,"caption":"+studi"},"image":{"@id":"https:\/\/www.piustudi.eu\/es\/#\/schema\/logo\/image\/"}}]}},"_links":{"self":[{"href":"https:\/\/www.piustudi.eu\/es\/wp-json\/wp\/v2\/pages\/586","targetHints":{"allow":["GET"]}}],"collection":[{"href":"https:\/\/www.piustudi.eu\/es\/wp-json\/wp\/v2\/pages"}],"about":[{"href":"https:\/\/www.piustudi.eu\/es\/wp-json\/wp\/v2\/types\/page"}],"author":[{"embeddable":true,"href":"https:\/\/www.piustudi.eu\/es\/wp-json\/wp\/v2\/users\/1"}],"replies":[{"embeddable":true,"href":"https:\/\/www.piustudi.eu\/es\/wp-json\/wp\/v2\/comments?post=586"}],"version-history":[{"count":0,"href":"https:\/\/www.piustudi.eu\/es\/wp-json\/wp\/v2\/pages\/586\/revisions"}],"wp:attachment":[{"href":"https:\/\/www.piustudi.eu\/es\/wp-json\/wp\/v2\/media?parent=586"}],"curies":[{"name":"wp","href":"https:\/\/api.w.org\/{rel}","templated":true}]}}